{"id":1096,"date":"2024-11-09T10:02:27","date_gmt":"2024-11-09T10:02:27","guid":{"rendered":"https:\/\/www.maijaliisa-hiekkanen.fi\/?page_id=1096"},"modified":"2026-04-04T08:54:58","modified_gmt":"2026-04-04T08:54:58","slug":"youtube","status":"publish","type":"page","link":"https:\/\/www.maijaliisa-hiekkanen.fi\/?page_id=1096","title":{"rendered":"YouTube"},"content":{"rendered":"\n<h2 class=\"wp-block-heading\"><strong><mark style=\"background-color:rgba(0, 0, 0, 0)\" class=\"has-inline-color has-blue-color\">4.4.2026  &#8211; kohti kev\u00e4tt\u00e4, kes\u00e4\u00e4! <\/mark><\/strong><\/h2>\n\n\n\n<p>P\u00e4\u00e4si\u00e4isaikaa&#8230;<\/p>\n\n\n\n<figure class=\"wp-block-embed is-type-video is-provider-youtube wp-block-embed-youtube wp-embed-aspect-16-9 wp-has-aspect-ratio\"><div class=\"wp-block-embed__wrapper\">\n<iframe loading=\"lazy\" title=\"K\u00e4rsimystiell\u00e4 - Via Dolorosa * Maijaliisa Hiekkanen\" width=\"640\" height=\"360\" src=\"https:\/\/www.youtube.com\/embed\/G6HoEePRPEg?feature=oembed\" frameborder=\"0\" allow=\"accelerometer; autoplay; clipboard-write; encrypted-media; gyroscope; picture-in-picture; web-share\" referrerpolicy=\"strict-origin-when-cross-origin\" allowfullscreen><\/iframe>\n<\/div><\/figure>\n\n\n\n<figure class=\"wp-block-embed is-type-video is-provider-youtube wp-block-embed-youtube wp-embed-aspect-16-9 wp-has-aspect-ratio\"><div class=\"wp-block-embed__wrapper\">\n<iframe loading=\"lazy\" title=\"Happy way -  Amazing grace!  Maijaliisa Hiekkanen\" width=\"640\" height=\"360\" src=\"https:\/\/www.youtube.com\/embed\/eTdxOaKEZSw?feature=oembed\" frameborder=\"0\" allow=\"accelerometer; autoplay; clipboard-write; encrypted-media; gyroscope; picture-in-picture; web-share\" referrerpolicy=\"strict-origin-when-cross-origin\" allowfullscreen><\/iframe>\n<\/div><\/figure>\n\n\n\n<p><\/p>\n\n\n\n<p>Kun Jumalan rakkauden IHME k\u00e4vi toteen. LoveStore.  Suuri Jumala ja pieni ihminen.<\/p>\n\n\n\n<figure class=\"wp-block-embed is-type-video is-provider-youtube wp-block-embed-youtube wp-embed-aspect-16-9 wp-has-aspect-ratio\"><div class=\"wp-block-embed__wrapper\">\n<iframe loading=\"lazy\" title=\"El\u00e4m\u00e4nLaulu - LoveStore * Maijaliisa Hiekkanen\" width=\"640\" height=\"360\" src=\"https:\/\/www.youtube.com\/embed\/uKYkEsZYe04?feature=oembed\" frameborder=\"0\" allow=\"accelerometer; autoplay; clipboard-write; encrypted-media; gyroscope; picture-in-picture; web-share\" referrerpolicy=\"strict-origin-when-cross-origin\" allowfullscreen><\/iframe>\n<\/div><\/figure>\n\n\n\n<h2 class=\"wp-block-heading\"><strong><mark style=\"background-color:rgba(0, 0, 0, 0);color:#7d1414\" class=\"has-inline-color\">30.9.2025<\/mark><\/strong><\/h2>\n\n\n\n<h2 class=\"wp-block-heading\">Onnellisella tiell\u00e4. . .<\/h2>\n\n\n\n<figure class=\"wp-block-embed is-type-video is-provider-youtube wp-block-embed-youtube wp-embed-aspect-16-9 wp-has-aspect-ratio\"><div class=\"wp-block-embed__wrapper\">\n<iframe loading=\"lazy\" title=\"Onnellisella tiell\u00e4!  Maijaliisa Hiekkanen\" width=\"640\" height=\"360\" src=\"https:\/\/www.youtube.com\/embed\/4Dvu13oo_zw?feature=oembed\" frameborder=\"0\" allow=\"accelerometer; autoplay; clipboard-write; encrypted-media; gyroscope; picture-in-picture; web-share\" referrerpolicy=\"strict-origin-when-cross-origin\" allowfullscreen><\/iframe>\n<\/div><\/figure>\n\n\n\n<p><\/p>\n\n\n\n<p><\/p>\n\n\n\n<h2 class=\"wp-block-heading\"><strong><mark style=\"background-color:rgba(0, 0, 0, 0);color:#940e0e\" class=\"has-inline-color\"> Elokuu &#8211; nostalgiaa!<\/mark><\/strong><\/h2>\n\n\n\n<p><\/p>\n\n\n\n<h2 class=\"wp-block-heading\">13.8.2025<\/h2>\n\n\n\n<p>Syksy\u00e4 kohti menn\u00e4\u00e4n. Joskus on j\u00e4tett\u00e4v\u00e4 hyv\u00e4stit tutuille rannoille!<\/p>\n\n\n\n<figure class=\"wp-block-embed is-type-video is-provider-youtube wp-block-embed-youtube wp-embed-aspect-16-9 wp-has-aspect-ratio\"><div class=\"wp-block-embed__wrapper\">\n<iframe loading=\"lazy\" title=\"J\u00e4\u00e4hyv\u00e4iset J\u00e4rvi-ranta*  Maijaliisa Hiekkanen\" width=\"640\" height=\"360\" src=\"https:\/\/www.youtube.com\/embed\/mFtfZwweSBw?feature=oembed\" frameborder=\"0\" allow=\"accelerometer; autoplay; clipboard-write; encrypted-media; gyroscope; picture-in-picture; web-share\" referrerpolicy=\"strict-origin-when-cross-origin\" allowfullscreen><\/iframe>\n<\/div><\/figure>\n\n\n\n<p>7.8.2025<\/p>\n\n\n\n<p>Kun kes\u00e4 k\u00e4\u00e4ntyy kohti syksy\u00e4 &#8211; nousee haikeuskin.. . . iloa ihanista hetkist\u00e4!<\/p>\n\n\n\n<figure class=\"wp-block-embed is-type-video is-provider-youtube wp-block-embed-youtube wp-embed-aspect-16-9 wp-has-aspect-ratio\"><div class=\"wp-block-embed__wrapper\">\n<iframe loading=\"lazy\" title=\"Elokuu-nostalgiaa! * Maijaliisa Hiekkanen\" width=\"640\" height=\"360\" src=\"https:\/\/www.youtube.com\/embed\/M9f-pL9IV7w?feature=oembed\" frameborder=\"0\" allow=\"accelerometer; autoplay; clipboard-write; encrypted-media; gyroscope; picture-in-picture; web-share\" referrerpolicy=\"strict-origin-when-cross-origin\" allowfullscreen><\/iframe>\n<\/div><\/figure>\n\n\n\n<h2 class=\"wp-block-heading\"><strong><mark style=\"background-color:rgba(0, 0, 0, 0)\" class=\"has-inline-color has-blue-color\">30.7.2025  Sateet ja helteet!<\/mark><\/strong><\/h2>\n\n\n\n<p>Kes\u00e4 kiirii ohitse p\u00e4iv\u00e4 p\u00e4iv\u00e4lt\u00e4! Lomatunnelmiakin on, erilaisia!<\/p>\n\n\n\n<figure class=\"wp-block-embed is-type-video is-provider-youtube wp-block-embed-youtube wp-embed-aspect-16-9 wp-has-aspect-ratio\"><div class=\"wp-block-embed__wrapper\">\n<iframe loading=\"lazy\" title=\"Holidays -2-  Maijaliisa Hiekkanen\" width=\"640\" height=\"360\" src=\"https:\/\/www.youtube.com\/embed\/kPkTZ0bPO4U?feature=oembed\" frameborder=\"0\" allow=\"accelerometer; autoplay; clipboard-write; encrypted-media; gyroscope; picture-in-picture; web-share\" referrerpolicy=\"strict-origin-when-cross-origin\" allowfullscreen><\/iframe>\n<\/div><\/figure>\n\n\n\n<p><\/p>\n\n\n\n<figure class=\"wp-block-embed is-type-video is-provider-youtube wp-block-embed-youtube wp-embed-aspect-16-9 wp-has-aspect-ratio\"><div class=\"wp-block-embed__wrapper\">\n<iframe loading=\"lazy\" title=\"Holidays -1 - Maijaliisa Hiekkanen\" width=\"640\" height=\"360\" src=\"https:\/\/www.youtube.com\/embed\/oXXUOt6mj4Y?feature=oembed\" frameborder=\"0\" allow=\"accelerometer; autoplay; clipboard-write; encrypted-media; gyroscope; picture-in-picture; web-share\" referrerpolicy=\"strict-origin-when-cross-origin\" allowfullscreen><\/iframe>\n<\/div><\/figure>\n\n\n\n<p><\/p>\n\n\n\n<h2 class=\"wp-block-heading\"><strong><mark style=\"background-color:rgba(0, 0, 0, 0)\" class=\"has-inline-color has-blue-color\">Kes\u00e4 on lyhyt, luontohetki\u00e4!<\/mark><\/strong> 23.6.2025<\/h2>\n\n\n\n<p><\/p>\n\n\n\n<figure class=\"wp-block-embed is-type-video is-provider-youtube wp-block-embed-youtube wp-embed-aspect-16-9 wp-has-aspect-ratio\"><div class=\"wp-block-embed__wrapper\">\n<iframe loading=\"lazy\" title=\"Luontohetki\u00e4 (1)  Maijaliisa Hiekkanen\" width=\"640\" height=\"360\" src=\"https:\/\/www.youtube.com\/embed\/TEhAUwWLFuA?feature=oembed\" frameborder=\"0\" allow=\"accelerometer; autoplay; clipboard-write; encrypted-media; gyroscope; picture-in-picture; web-share\" referrerpolicy=\"strict-origin-when-cross-origin\" allowfullscreen><\/iframe>\n<\/div><\/figure>\n\n\n\n<figure class=\"wp-block-embed is-type-video is-provider-youtube wp-block-embed-youtube wp-embed-aspect-16-9 wp-has-aspect-ratio\"><div class=\"wp-block-embed__wrapper\">\n<iframe loading=\"lazy\" title=\"Luontohetki\u00e4 (2)  Maijaliisa Hiekkanen\" width=\"640\" height=\"360\" src=\"https:\/\/www.youtube.com\/embed\/UwiAsesDDC0?feature=oembed\" frameborder=\"0\" allow=\"accelerometer; autoplay; clipboard-write; encrypted-media; gyroscope; picture-in-picture; web-share\" referrerpolicy=\"strict-origin-when-cross-origin\" allowfullscreen><\/iframe>\n<\/div><\/figure>\n\n\n\n<h2 class=\"wp-block-heading\"><strong><mark style=\"background-color:rgba(0, 0, 0, 0);color:#ab4480\" class=\"has-inline-color\">16.6.2025<\/mark><\/strong><\/h2>\n\n\n\n<p><strong><mark style=\"background-color:rgba(0, 0, 0, 0)\" class=\"has-inline-color has-blue-color\">Parhainta Juhannuksen aikaa ja kes\u00e4\u00e4 2025!  &#8211;  Maijaliisa<\/mark><\/strong><\/p>\n\n\n\n<figure class=\"wp-block-embed is-type-video is-provider-youtube wp-block-embed-youtube wp-embed-aspect-16-9 wp-has-aspect-ratio\"><div class=\"wp-block-embed__wrapper\">\n<iframe loading=\"lazy\" title=\"Luomakunta laulaa * Maijaliisa Hiekkanen\" width=\"640\" height=\"360\" src=\"https:\/\/www.youtube.com\/embed\/1sAdbQfWeQI?feature=oembed\" frameborder=\"0\" allow=\"accelerometer; autoplay; clipboard-write; encrypted-media; gyroscope; picture-in-picture; web-share\" referrerpolicy=\"strict-origin-when-cross-origin\" allowfullscreen><\/iframe>\n<\/div><\/figure>\n\n\n\n<p><\/p>\n\n\n\n<p><\/p>\n\n\n\n<h2 class=\"wp-block-heading\"><strong><mark style=\"background-color:rgba(0, 0, 0, 0)\" class=\"has-inline-color has-blue-color\">4.6.2025 &#8211; kes\u00e4 on l\u00e4sn\u00e4!<\/mark><\/strong><\/h2>\n\n\n\n<p>Iloitkamme kaikista kes\u00e4p\u00e4ivist\u00e4!  Ne joskus loppuvat&#8230;<\/p>\n\n\n\n<figure class=\"wp-block-embed is-type-video is-provider-youtube wp-block-embed-youtube wp-embed-aspect-16-9 wp-has-aspect-ratio\"><div class=\"wp-block-embed__wrapper\">\n<iframe loading=\"lazy\" title=\"J\u00e4\u00e4hyv\u00e4iset (1) meri * Maijaliisa Hiekkanen\" width=\"640\" height=\"360\" src=\"https:\/\/www.youtube.com\/embed\/6dGrQMJDE-8?feature=oembed\" frameborder=\"0\" allow=\"accelerometer; autoplay; clipboard-write; encrypted-media; gyroscope; picture-in-picture; web-share\" referrerpolicy=\"strict-origin-when-cross-origin\" allowfullscreen><\/iframe>\n<\/div><\/figure>\n\n\n\n<p><strong>25.5.2025<\/strong><\/p>\n\n\n\n<h2 class=\"wp-block-heading\"><strong><mark style=\"background-color:rgba(0, 0, 0, 0);color:#bf1717\" class=\"has-inline-color\">In memoriam &#8211; n\u00e4hd\u00e4\u00e4n!  <\/mark><\/strong><\/h2>\n\n\n\n<h2 class=\"wp-block-heading has-text-align-center\"><strong><mark style=\"background-color:rgba(0, 0, 0, 0);color:#bf1717\" class=\"has-inline-color\">Lapselleni 12.6.1969 &#8211; 2.10.1990<\/mark><\/strong><\/h2>\n\n\n\n<figure class=\"wp-block-embed is-type-video is-provider-youtube wp-block-embed-youtube wp-embed-aspect-16-9 wp-has-aspect-ratio\"><div class=\"wp-block-embed__wrapper\">\n<iframe loading=\"lazy\" title=\"In memoriam-n\u00e4hd\u00e4\u00e4n! * Maijaliisa Hiekkanen\" width=\"640\" height=\"360\" src=\"https:\/\/www.youtube.com\/embed\/abJ0qla1B8w?feature=oembed\" frameborder=\"0\" allow=\"accelerometer; autoplay; clipboard-write; encrypted-media; gyroscope; picture-in-picture; web-share\" referrerpolicy=\"strict-origin-when-cross-origin\" allowfullscreen><\/iframe>\n<\/div><\/figure>\n\n\n\n<p>18.5.2025<\/p>\n\n\n\n<figure class=\"wp-block-embed is-type-video is-provider-youtube wp-block-embed-youtube wp-embed-aspect-16-9 wp-has-aspect-ratio\"><div class=\"wp-block-embed__wrapper\">\n<iframe loading=\"lazy\" title=\"Nostalgic-happy - Maijaliisa Hiekkanen\" width=\"640\" height=\"360\" src=\"https:\/\/www.youtube.com\/embed\/0TAj4qesgX0?feature=oembed\" frameborder=\"0\" allow=\"accelerometer; autoplay; clipboard-write; encrypted-media; gyroscope; picture-in-picture; web-share\" referrerpolicy=\"strict-origin-when-cross-origin\" allowfullscreen><\/iframe>\n<\/div><\/figure>\n\n\n\n<figure class=\"wp-block-embed is-type-video is-provider-youtube wp-block-embed-youtube wp-embed-aspect-16-9 wp-has-aspect-ratio\"><div class=\"wp-block-embed__wrapper\">\n<iframe loading=\"lazy\" title=\"Joutsenet - kes\u00e4muistoja * Maijaliisa Hiekkanen\" width=\"640\" height=\"360\" src=\"https:\/\/www.youtube.com\/embed\/5utK61vdexg?feature=oembed\" frameborder=\"0\" allow=\"accelerometer; autoplay; clipboard-write; encrypted-media; gyroscope; picture-in-picture; web-share\" referrerpolicy=\"strict-origin-when-cross-origin\" allowfullscreen><\/iframe>\n<\/div><\/figure>\n\n\n\n<h2 class=\"wp-block-heading\"><strong><mark style=\"background-color:rgba(0, 0, 0, 0)\" class=\"has-inline-color has-blue-color\">13.5.2025  T\u00e4\u00e4ll\u00e4 Pohjant\u00e4hden alla<\/mark><\/strong><\/h2>\n\n\n\n<h2 class=\"wp-block-heading\"><a href=\"https:\/\/www.youtube.com\/watch?v=caQUbC3XNaY\" data-type=\"link\" data-id=\"https:\/\/www.youtube.com\/watch?v=caQUbC3XNaY\">https:\/\/www.youtube.com\/watch?v=caQUbC3XNaY<\/a><\/h2>\n\n\n\n<h2 class=\"wp-block-heading has-medium-font-size\"><strong>24.4.2025 <\/strong> <strong><mark style=\"background-color:rgba(0, 0, 0, 0)\" class=\"has-inline-color has-blue-color\">Maijaliisa Hiekkasen YouTube-kanavalla:<\/mark><\/strong><\/h2>\n\n\n\n<p> <strong><mark style=\"background-color:rgba(0, 0, 0, 0)\" class=\"has-inline-color has-blue-color\">Rauhan aika. Laulu vuodelta 1999.<\/mark><\/strong><\/p>\n\n\n\n<figure class=\"wp-block-embed is-type-video is-provider-youtube wp-block-embed-youtube wp-embed-aspect-16-9 wp-has-aspect-ratio\"><div class=\"wp-block-embed__wrapper\">\n<iframe loading=\"lazy\" title=\"Rauhan aika - Maijaliisa Hiekkanen\" width=\"640\" height=\"360\" src=\"https:\/\/www.youtube.com\/embed\/agN_gQjjq9Y?feature=oembed\" frameborder=\"0\" allow=\"accelerometer; autoplay; clipboard-write; encrypted-media; gyroscope; picture-in-picture; web-share\" referrerpolicy=\"strict-origin-when-cross-origin\" allowfullscreen><\/iframe>\n<\/div><\/figure>\n\n\n\n<figure class=\"wp-block-embed is-type-video is-provider-youtube wp-block-embed-youtube wp-embed-aspect-16-9 wp-has-aspect-ratio\"><div class=\"wp-block-embed__wrapper\">\n<iframe loading=\"lazy\" title=\"Matkalaulu (1) Maijaliisa Hiekkanen\" width=\"640\" height=\"360\" src=\"https:\/\/www.youtube.com\/embed\/Zrj3SKoAAzA?feature=oembed\" frameborder=\"0\" allow=\"accelerometer; autoplay; clipboard-write; encrypted-media; gyroscope; picture-in-picture; web-share\" referrerpolicy=\"strict-origin-when-cross-origin\" allowfullscreen><\/iframe>\n<\/div><\/figure>\n\n\n\n<p><\/p>\n\n\n\n<h2 class=\"wp-block-heading\"><strong><mark style=\"background-color:rgba(0, 0, 0, 0)\" class=\"has-inline-color has-blue-color\">29.3.2025 Sarja: SielunSointuja<\/mark><\/strong><\/h2>\n\n\n\n<ol class=\"wp-block-list\">\n<li class=\"has-medium-font-size\"><strong><mark style=\"background-color:rgba(0, 0, 0, 0);color:#992c2c\" class=\"has-inline-color\">SuruSointuja<\/mark><\/strong> (1)  <a href=\"https:\/\/www.youtube.com\/watch?v=jIOoSfuRpkk\">https:\/\/www.youtube.com\/watch?v=jIOoSfuRpkk<\/a><\/li>\n\n\n\n<li class=\"has-medium-font-size\"><strong><mark style=\"background-color:rgba(0, 0, 0, 0);color:#751919\" class=\"has-inline-color\">IltaSointuja<\/mark><\/strong> <a href=\"https:\/\/www.youtube.com\/watch?v=qG6kcnednwg\">https:\/\/www.youtube.com\/watch?v=qG6kcnednwg<\/a><\/li>\n\n\n\n<li class=\"has-medium-font-size\"><strong><mark style=\"background-color:rgba(0, 0, 0, 0);color:#7c1414\" class=\"has-inline-color\">Onnellinen aamu  <\/mark><\/strong><a href=\"https:\/\/www.youtube.com\/watch?v=t8P2Trcrrhg\">https:\/\/www.youtube.com\/watch?v=t8P2Trcrrhg<\/a><\/li>\n\n\n\n<li class=\"has-medium-font-size\"><strong><mark style=\"background-color:rgba(0, 0, 0, 0);color:#7d1313\" class=\"has-inline-color\">SielunSointuja<\/mark><\/strong> (2) <a href=\"https:\/\/www.youtube.com\/watch?v=7afEuwOIoXE\">https:\/\/www.youtube.com\/watch?v=7afEuwOIoXE<\/a><\/li>\n\n\n\n<li class=\"has-medium-font-size\"><strong><mark style=\"background-color:rgba(0, 0, 0, 0);color:#9c0e0e\" class=\"has-inline-color\">SielunSointuja (1<\/mark><\/strong>)  <a href=\"https:\/\/www.youtube.com\/watch?v=DVUm6rPOdUY\">https:\/\/www.youtube.com\/watch?v=DVUm6rPOdUY<\/a><\/li>\n<\/ol>\n\n\n\n<p><a href=\"https:\/\/www.youtube.com\/@maijaliisahiekkanen5096\/videos\">https:\/\/www.youtube.com\/@maijaliisahiekkanen5096\/videos<\/a><\/p>\n\n\n\n<p class=\"has-medium-font-size\"><strong>Helmikuusta 2025 alkaen kanavalla on seuraavia (lyhyit\u00e4) musiikkiterapiavideoita.<\/strong>  Otsikoissa on videon aihe ja teema esill\u00e4.<\/p>\n\n\n\n<ol class=\"wp-block-list\">\n<li>Kev\u00e4tt\u00e4 rinnassa. <a href=\"https:\/\/www.youtube.com\/watch?v=dsYSUswcOk4\">https:\/\/www.youtube.com\/watch?v=dsYSUswcOk4<\/a><\/li>\n\n\n\n<li>Masennus \u2013 toivo? <a href=\"https:\/\/www.youtube.com\/watch?v=Au72fOGdTC8\">https:\/\/www.youtube.com\/watch?v=Au72fOGdTC8<\/a><\/li>\n\n\n\n<li>Kohti toivoa! <a href=\"https:\/\/www.youtube.com\/watch?v=9GtU4lUKYc4\">https:\/\/www.youtube.com\/watch?v=9GtU4lUKYc4<\/a><\/li>\n\n\n\n<li>Kohti kev\u00e4tt\u00e4! <a href=\"https:\/\/www.youtube.com\/watch?v=XeIv__nDtoQ\">https:\/\/www.youtube.com\/watch?v=XeIv__nDtoQ<\/a><\/li>\n\n\n\n<li>Kohti valoa! <a href=\"https:\/\/www.youtube.com\/watch?v=Xja97XiHdq4\">https:\/\/www.youtube.com\/watch?v=Xja97XiHdq4<\/a><\/li>\n\n\n\n<li>Surussa mukana \u2013 kohti iloa. <a href=\"https:\/\/www.youtube.com\/watch?v=p0hg807x9P4\">https:\/\/www.youtube.com\/watch?v=p0hg807x9P4<\/a><\/li>\n\n\n\n<li>Kohti toivoa, el\u00e4m\u00e4\u00e4! <a href=\"https:\/\/www.youtube.com\/watch?v=yxVyJCPChIw\">https:\/\/www.youtube.com\/watch?v=yxVyJCPChIw<\/a><\/li>\n\n\n\n<li>Kohti huomista! <a href=\"https:\/\/www.youtube.com\/watch?v=jSt4cvOZ0bw\">https:\/\/www.youtube.com\/watch?v=jSt4cvOZ0bw<\/a><\/li>\n\n\n\n<li>Kohti rauhaa. <a href=\"https:\/\/www.youtube.com\/watch?v=tr3WNe4DTqw\">https:\/\/www.youtube.com\/watch?v=tr3WNe4DTqw<\/a><\/li>\n\n\n\n<li>En pelk\u00e4\u00e4. <a href=\"https:\/\/www.youtube.com\/watch?v=FiVH-GKfI2o\">https:\/\/www.youtube.com\/watch?v=FiVH-GKfI2o<\/a><\/li>\n\n\n\n<li>El\u00e4m\u00e4st\u00e4 kiitoa! <a href=\"https:\/\/www.youtube.com\/watch?v=MT00aW7aM9Q\">https:\/\/www.youtube.com\/watch?v=MT00aW7aM9Q<\/a><\/li>\n\n\n\n<li>Kuuleeko kukaan? <a href=\"https:\/\/www.youtube.com\/watch?v=eZYlYL9Fb3o\">https:\/\/www.youtube.com\/watch?v=eZYlYL9Fb3o<\/a><\/li>\n\n\n\n<li>Syd\u00e4men sykkeit\u00e4. <a href=\"https:\/\/www.youtube.com\/watch?v=sBTFuMocMgM\">https:\/\/www.youtube.com\/watch?v=sBTFuMocMgM<\/a><\/li>\n\n\n\n<li>Hyv\u00e4\u00e4 y\u00f6t\u00e4 \u2013 Good night. <a href=\"https:\/\/www.youtube.com\/watch?v=UpAD8NRiWws\">https:\/\/www.youtube.com\/watch?v=UpAD8NRiWws<\/a><\/li>\n\n\n\n<li>Ik\u00e4v\u00e4st\u00e4 kohti iloa.<a href=\"https:\/\/www.youtube.com\/watch?v=fuodTB4vbOM\">https:\/\/www.youtube.com\/watch?v=fuodTB4vbOM<\/a><\/li>\n\n\n\n<li>Ep\u00e4toivon y\u00f6st\u00e4 valoon! <a href=\"https:\/\/www.youtube.com\/watch?v=uJ3hHczd_dI\">https:\/\/www.youtube.com\/watch?v=uJ3hHczd_dI<\/a><\/li>\n\n\n\n<li>Rauha syd\u00e4mess\u00e4. <a href=\"https:\/\/www.youtube.com\/watch?v=PYLiAmiIHtA\">https:\/\/www.youtube.com\/watch?v=PYLiAmiIHtA<\/a><\/li>\n\n\n\n<li>Aamusta iltaan. <a href=\"https:\/\/www.youtube.com\/watch?v=NZmZcwffQfI\">https:\/\/www.youtube.com\/watch?v=NZmZcwffQfI<\/a><\/li>\n\n\n\n<li>Kohti Kotia \u2013 to Home. <a href=\"https:\/\/www.youtube.com\/watch?v=S9ChyLyDKUI\">https:\/\/www.youtube.com\/watch?v=S9ChyLyDKUI<\/a><\/li>\n\n\n\n<li>Kohti taivasta <a href=\"https:\/\/www.youtube.com\/watch?v=-Y0enxge5qg\">https:\/\/www.youtube.com\/watch?v=-Y0enxge5qg<\/a><\/li>\n\n\n\n<li>Yksin- alone? <a href=\"https:\/\/www.youtube.com\/watch?v=J7qHDTItR2s\">https:\/\/www.youtube.com\/watch?v=J7qHDTItR2s<\/a><\/li>\n\n\n\n<li>El\u00e4m\u00e4n tie? <a href=\"https:\/\/www.youtube.com\/watch?v=kkUw9Fx0p2w\">https:\/\/www.youtube.com\/watch?v=kkUw9Fx0p2w<\/a><\/li>\n<\/ol>\n\n\n\n<p>Valoisaa kev\u00e4tmielt\u00e4 toivottaen! Palveluksessasi<\/p>\n\n\n\n<p> Maijaliisa <\/p>\n\n\n\n<p><\/p>\n\n\n\n<h2 class=\"wp-block-heading\"><strong><em><mark style=\"background-color:rgba(0, 0, 0, 0);color:#922b2b\" class=\"has-inline-color\">01.03.2025  Kev\u00e4tt\u00e4 odotellessa!<\/mark><\/em><\/strong><\/h2>\n\n\n\n<p><\/p>\n\n\n\n<p><\/p>\n\n\n\n<figure class=\"wp-block-embed is-type-video is-provider-youtube wp-block-embed-youtube wp-embed-aspect-16-9 wp-has-aspect-ratio\"><div class=\"wp-block-embed__wrapper\">\n<iframe loading=\"lazy\" title=\"En pelk\u00e4\u00e4!  Maijaliisa Hiekkanen\" width=\"640\" height=\"360\" src=\"https:\/\/www.youtube.com\/embed\/FiVH-GKfI2o?feature=oembed\" frameborder=\"0\" allow=\"accelerometer; autoplay; clipboard-write; encrypted-media; gyroscope; picture-in-picture; web-share\" referrerpolicy=\"strict-origin-when-cross-origin\" allowfullscreen><\/iframe>\n<\/div><\/figure>\n\n\n\n<figure class=\"wp-block-embed is-type-video is-provider-youtube wp-block-embed-youtube wp-embed-aspect-16-9 wp-has-aspect-ratio\"><div class=\"wp-block-embed__wrapper\">\n<iframe loading=\"lazy\" title=\"Kohti Kotia - to Home! - Maijaliisa Hiekkanen\" width=\"640\" height=\"360\" src=\"https:\/\/www.youtube.com\/embed\/S9ChyLyDKUI?feature=oembed\" frameborder=\"0\" allow=\"accelerometer; autoplay; clipboard-write; encrypted-media; gyroscope; picture-in-picture; web-share\" referrerpolicy=\"strict-origin-when-cross-origin\" allowfullscreen><\/iframe>\n<\/div><\/figure>\n\n\n\n<figure class=\"wp-block-embed is-type-video is-provider-youtube wp-block-embed-youtube wp-embed-aspect-16-9 wp-has-aspect-ratio\"><div class=\"wp-block-embed__wrapper\">\n<iframe loading=\"lazy\" title=\"Kohti Taivasta *  Maijaliisa Hiekkanen\" width=\"640\" height=\"360\" src=\"https:\/\/www.youtube.com\/embed\/-Y0enxge5qg?feature=oembed\" frameborder=\"0\" allow=\"accelerometer; autoplay; clipboard-write; encrypted-media; gyroscope; picture-in-picture; web-share\" referrerpolicy=\"strict-origin-when-cross-origin\" allowfullscreen><\/iframe>\n<\/div><\/figure>\n\n\n\n<p style=\"font-size:27px\"><strong><mark style=\"background-color:rgba(0, 0, 0, 0)\" class=\"has-inline-color has-blue-color\">Joulutervehdys  23.12.2024  t\u00e4ss\u00e4 YouTubessa:<\/mark><\/strong><\/p>\n\n\n\n<figure class=\"wp-block-embed is-type-video is-provider-youtube wp-block-embed-youtube wp-embed-aspect-16-9 wp-has-aspect-ratio\"><div class=\"wp-block-embed__wrapper\">\n<iframe loading=\"lazy\" title=\"Joulutervehdys-2024  Maijaliisa Hiekkanen\" width=\"640\" height=\"360\" src=\"https:\/\/www.youtube.com\/embed\/HqtArJzabBE?feature=oembed\" frameborder=\"0\" allow=\"accelerometer; autoplay; clipboard-write; encrypted-media; gyroscope; picture-in-picture; web-share\" referrerpolicy=\"strict-origin-when-cross-origin\" allowfullscreen><\/iframe>\n<\/div><\/figure>\n\n\n\n<p><\/p>\n\n\n\n<p><\/p>\n\n\n\n<p>Uusimpia videoita:<\/p>\n\n\n\n<p><strong>Taivaslaulu \u2013 <\/strong>\u201dikivihre\u00e4\u201d,, Videolla  laulusta kolme versiota 1974, 1978  ja 2023.<\/p>\n\n\n\n<figure class=\"wp-block-embed is-type-video is-provider-youtube wp-block-embed-youtube wp-embed-aspect-16-9 wp-has-aspect-ratio\"><div class=\"wp-block-embed__wrapper\">\n<iframe loading=\"lazy\" title=\"Taivaslaulu 50 v  - Maijaliisa Hiekkanen\" width=\"640\" height=\"360\" src=\"https:\/\/www.youtube.com\/embed\/fYi95FUvyo0?feature=oembed\" frameborder=\"0\" allow=\"accelerometer; autoplay; clipboard-write; encrypted-media; gyroscope; picture-in-picture; web-share\" referrerpolicy=\"strict-origin-when-cross-origin\" allowfullscreen><\/iframe>\n<\/div><\/figure>\n\n\n\n<p><\/p>\n\n\n\n<p><strong>Mit\u00e4 t\u00e4htien takana lienee<\/strong>? Laulu syntynyt 2018.<\/p>\n\n\n\n<figure class=\"wp-block-embed is-type-video is-provider-youtube wp-block-embed-youtube wp-embed-aspect-16-9 wp-has-aspect-ratio\"><div class=\"wp-block-embed__wrapper\">\n<iframe loading=\"lazy\" title=\"Mit\u00e4 t\u00e4htien takana? Maijaliisa Hiekkanen\" width=\"640\" height=\"360\" src=\"https:\/\/www.youtube.com\/embed\/PXeiOF0wPs4?feature=oembed\" frameborder=\"0\" allow=\"accelerometer; autoplay; clipboard-write; encrypted-media; gyroscope; picture-in-picture; web-share\" referrerpolicy=\"strict-origin-when-cross-origin\" allowfullscreen><\/iframe>\n<\/div><\/figure>\n\n\n\n<p><\/p>\n\n\n\n<p><strong>&#8221;El\u00e4m\u00e4ni autiossa huoneessa&#8221;  <\/strong>Sanat ja s\u00e4vellys 1982.<\/p>\n\n\n\n<figure class=\"wp-block-embed is-type-video is-provider-youtube wp-block-embed-youtube wp-embed-aspect-16-9 wp-has-aspect-ratio\"><div class=\"wp-block-embed__wrapper\">\n<iframe loading=\"lazy\" title=\"El\u00e4m\u00e4ni autiossa huoneessa  - Maijaliisa Hiekkanen\" width=\"640\" height=\"360\" src=\"https:\/\/www.youtube.com\/embed\/ucYLzFDuWwc?feature=oembed\" frameborder=\"0\" allow=\"accelerometer; autoplay; clipboard-write; encrypted-media; gyroscope; picture-in-picture; web-share\" referrerpolicy=\"strict-origin-when-cross-origin\" allowfullscreen><\/iframe>\n<\/div><\/figure>\n\n\n\n<p><\/p>\n\n\n\n<p>Lis\u00e4\u00e4 videoita, yli 90 YouYubea.<\/p>\n","protected":false},"excerpt":{"rendered":"<p>4.4.2026 &#8211; kohti kev\u00e4tt\u00e4, kes\u00e4\u00e4! P\u00e4\u00e4si\u00e4isaikaa&#8230; Kun Jumalan rakkauden IHME k\u00e4vi toteen. LoveStore. Suuri Jumala ja pieni ihminen. 30.9.2025 Onnellisella tiell\u00e4. . . Elokuu &#8211; nostalgiaa! 13.8.2025 Syksy\u00e4 kohti menn\u00e4\u00e4n. Joskus on j\u00e4tett\u00e4v\u00e4 hyv\u00e4stit tutuille rannoille! 7.8.2025 Kun kes\u00e4 k\u00e4\u00e4ntyy &hellip; <a href=\"https:\/\/www.maijaliisa-hiekkanen.fi\/?page_id=1096\">Lue loppuun <span class=\"meta-nav\">&rarr;<\/span><\/a><\/p>\n","protected":false},"author":1,"featured_media":0,"parent":0,"menu_order":0,"comment_status":"closed","ping_status":"closed","template":"","meta":{"footnotes":""},"class_list":["post-1096","page","type-page","status-publish","hentry"],"_links":{"self":[{"href":"https:\/\/www.maijaliisa-hiekkanen.fi\/index.php?rest_route=\/wp\/v2\/pages\/1096","targetHints":{"allow":["GET"]}}],"collection":[{"href":"https:\/\/www.maijaliisa-hiekkanen.fi\/index.php?rest_route=\/wp\/v2\/pages"}],"about":[{"href":"https:\/\/www.maijaliisa-hiekkanen.fi\/index.php?rest_route=\/wp\/v2\/types\/page"}],"author":[{"embeddable":true,"href":"https:\/\/www.maijaliisa-hiekkanen.fi\/index.php?rest_route=\/wp\/v2\/users\/1"}],"replies":[{"embeddable":true,"href":"https:\/\/www.maijaliisa-hiekkanen.fi\/index.php?rest_route=%2Fwp%2Fv2%2Fcomments&post=1096"}],"version-history":[{"count":28,"href":"https:\/\/www.maijaliisa-hiekkanen.fi\/index.php?rest_route=\/wp\/v2\/pages\/1096\/revisions"}],"predecessor-version":[{"id":1290,"href":"https:\/\/www.maijaliisa-hiekkanen.fi\/index.php?rest_route=\/wp\/v2\/pages\/1096\/revisions\/1290"}],"wp:attachment":[{"href":"https:\/\/www.maijaliisa-hiekkanen.fi\/index.php?rest_route=%2Fwp%2Fv2%2Fmedia&parent=1096"}],"curies":[{"name":"wp","href":"https:\/\/api.w.org\/{rel}","templated":true}]}}