{"id":116,"date":"2020-12-08T10:15:58","date_gmt":"2020-12-08T10:15:58","guid":{"rendered":"http:\/\/www.maijaliisa-hiekkanen.fi\/?page_id=116"},"modified":"2021-01-05T14:54:17","modified_gmt":"2021-01-05T14:54:17","slug":"sananvapaus-saari","status":"publish","type":"page","link":"https:\/\/www.maijaliisa-hiekkanen.fi\/?page_id=116","title":{"rendered":"Sananvapaus-saari"},"content":{"rendered":"\n<p><\/p>\n\n\n\n<p class=\"has-text-align-center\"><strong>Tervetuloa sananvapauden saarelleni!<\/strong><\/p>\n\n\n\n<p class=\"has-text-align-center\">T\u00e4ss\u00e4 saaressa ei kukaan ulkopuolinen harjoita<\/p>\n\n\n\n<ul class=\"wp-block-list\"><li>ennakkosensuuria eik\u00e4 j\u00e4lkisensuuria<\/li><li>ei moderointia<\/li><li>ei ole k\u00e4skytt\u00e4ji\u00e4, p\u00e4\u00e4llep\u00e4sm\u00e4reit\u00e4,<\/li><li>kukaan ei anna banneja.. .<\/li><li>ei ole r\u00e4ksytt\u00e4vi\u00e4 haukku\u00e4\u00e4ni\u00e4, ei melusaastetta, ei palstakiusaamista<\/li><\/ul>\n\n\n\n<p class=\"has-text-align-center\">Voit tulla ja menn\u00e4,<\/p>\n\n\n\n<p class=\"has-text-align-center\">lukea tai olla lukematta?<\/p>\n\n\n\n<p class=\"has-text-align-center\">Miten vain?<\/p>\n\n\n\n<p class=\"has-text-align-center\">T\u00e4m\u00e4 on sananvapauden saari.<\/p>\n\n\n\n<p class=\"has-text-align-center\"> L\u00f6ysin t\u00e4nne, kuljettuani pitk\u00e4t taipaleet, kujat ja torit joilla luki: <em>sananvapaus.<\/em> <\/p>\n\n\n\n<p class=\"has-text-align-center\">Mutta se oli petkutusta.<\/p>\n\n\n\n<p class=\"has-text-align-center\">He iskiv\u00e4t luuta kurkkuun, kapuloita rattaisiin, panivat sanojani lukkojen taakse,<\/p>\n\n\n\n<p class=\"has-text-align-center\">heittiv\u00e4t ne datasiirtojen krematorioon, sitten kalmistoon,  ja minne vain?<\/p>\n\n\n\n<p class=\"has-text-align-center\">Ja sitten panivat kirjoituskieltoa, bannia&#8230;<\/p>\n\n\n\n<p class=\"has-text-align-center\">T\u00e4m\u00e4 sananvapaus-saari kutsui minua jo monta kertaa?<\/p>\n\n\n\n<p class=\"has-text-align-center\">Kun turuilla ja toreilla ja joka-lajin-foorumeilla oli takaa-ajoa, komentelua:<\/p>\n\n\n\n<ul class=\"wp-block-list\"><li>Mene tiehesi siit\u00e4!<\/li><li>T\u00e4\u00e4ll\u00e4 ei tuollaista saa  kirjoittaa!<\/li><li>Korjaa luusi ja l\u00e4hde l\u00e4tkim\u00e4\u00e4n!<\/li><li>Lopeta kirjoittaminen Niist\u00e4 Asioista\u2026<\/li><li>Et ole sopiva ja soveltuva t\u00e4lle foorumille..<\/li><\/ul>\n\n\n\n<p><\/p>\n\n\n\n<div class=\"wp-block-image\"><figure class=\"aligncenter size-large\"><img loading=\"lazy\" decoding=\"async\" width=\"1024\" height=\"1024\" src=\"https:\/\/www.maijaliisa-hiekkanen.fi\/wp-content\/uploads\/2021\/01\/WP_20190808_13_09_47_Pro-2019_12_03-20_18_11-UTC-2-1-1024x1024.jpg\" alt=\"\" class=\"wp-image-285\" srcset=\"https:\/\/www.maijaliisa-hiekkanen.fi\/wp-content\/uploads\/2021\/01\/WP_20190808_13_09_47_Pro-2019_12_03-20_18_11-UTC-2-1-1024x1024.jpg 1024w, https:\/\/www.maijaliisa-hiekkanen.fi\/wp-content\/uploads\/2021\/01\/WP_20190808_13_09_47_Pro-2019_12_03-20_18_11-UTC-2-1-300x300.jpg 300w, https:\/\/www.maijaliisa-hiekkanen.fi\/wp-content\/uploads\/2021\/01\/WP_20190808_13_09_47_Pro-2019_12_03-20_18_11-UTC-2-1-150x150.jpg 150w, https:\/\/www.maijaliisa-hiekkanen.fi\/wp-content\/uploads\/2021\/01\/WP_20190808_13_09_47_Pro-2019_12_03-20_18_11-UTC-2-1-768x768.jpg 768w, https:\/\/www.maijaliisa-hiekkanen.fi\/wp-content\/uploads\/2021\/01\/WP_20190808_13_09_47_Pro-2019_12_03-20_18_11-UTC-2-1.jpg 1454w\" sizes=\"auto, (max-width: 1024px) 100vw, 1024px\" \/><\/figure><\/div>\n\n\n\n<p class=\"has-text-align-center\"><\/p>\n\n\n\n<p class=\"has-text-align-center\">Sitten t\u00e4m\u00e4 saari kutsui minut.<\/p>\n\n\n\n<p class=\"has-text-align-center\">Suuressa Internetin saaristossa on viel\u00e4 vapaitakin paikkoja\u2026<\/p>\n\n\n\n<p class=\"has-text-align-center\">Erikseen on vankileirien saaristot? <\/p>\n\n\n\n<p class=\"has-text-align-center\">Sellaiset joissa sanan- ja mielipiteenvapaus on kahleissa.  Ne ovat sananvapauden vankileirien saaria.<\/p>\n\n\n\n<p class=\"has-text-align-center\">Sinullakin on mahdollista l\u00f6yt\u00e4\u00e4 oma &#8211; sananvapauden saari&#8230;<\/p>\n\n\n\n<p class=\"has-text-align-center\">Maijaliisa<\/p>\n\n\n\n<p><\/p>\n","protected":false},"excerpt":{"rendered":"<p>Tervetuloa sananvapauden saarelleni! T\u00e4ss\u00e4 saaressa ei kukaan ulkopuolinen harjoita ennakkosensuuria eik\u00e4 j\u00e4lkisensuuria ei moderointia ei ole k\u00e4skytt\u00e4ji\u00e4, p\u00e4\u00e4llep\u00e4sm\u00e4reit\u00e4, kukaan ei anna banneja.. . ei ole r\u00e4ksytt\u00e4vi\u00e4 haukku\u00e4\u00e4ni\u00e4, ei melusaastetta, ei palstakiusaamista Voit tulla ja menn\u00e4, lukea tai olla lukematta? Miten &hellip; <a href=\"https:\/\/www.maijaliisa-hiekkanen.fi\/?page_id=116\">Lue loppuun <span class=\"meta-nav\">&rarr;<\/span><\/a><\/p>\n","protected":false},"author":1,"featured_media":0,"parent":0,"menu_order":0,"comment_status":"open","ping_status":"closed","template":"","meta":{"footnotes":""},"class_list":["post-116","page","type-page","status-publish","hentry"],"_links":{"self":[{"href":"https:\/\/www.maijaliisa-hiekkanen.fi\/index.php?rest_route=\/wp\/v2\/pages\/116","targetHints":{"allow":["GET"]}}],"collection":[{"href":"https:\/\/www.maijaliisa-hiekkanen.fi\/index.php?rest_route=\/wp\/v2\/pages"}],"about":[{"href":"https:\/\/www.maijaliisa-hiekkanen.fi\/index.php?rest_route=\/wp\/v2\/types\/page"}],"author":[{"embeddable":true,"href":"https:\/\/www.maijaliisa-hiekkanen.fi\/index.php?rest_route=\/wp\/v2\/users\/1"}],"replies":[{"embeddable":true,"href":"https:\/\/www.maijaliisa-hiekkanen.fi\/index.php?rest_route=%2Fwp%2Fv2%2Fcomments&post=116"}],"version-history":[{"count":10,"href":"https:\/\/www.maijaliisa-hiekkanen.fi\/index.php?rest_route=\/wp\/v2\/pages\/116\/revisions"}],"predecessor-version":[{"id":287,"href":"https:\/\/www.maijaliisa-hiekkanen.fi\/index.php?rest_route=\/wp\/v2\/pages\/116\/revisions\/287"}],"wp:attachment":[{"href":"https:\/\/www.maijaliisa-hiekkanen.fi\/index.php?rest_route=%2Fwp%2Fv2%2Fmedia&parent=116"}],"curies":[{"name":"wp","href":"https:\/\/api.w.org\/{rel}","templated":true}]}}