{"id":1270,"date":"2026-01-21T11:39:35","date_gmt":"2026-01-21T11:39:35","guid":{"rendered":"https:\/\/www.maijaliisa-hiekkanen.fi\/?page_id=1270"},"modified":"2026-01-21T11:39:35","modified_gmt":"2026-01-21T11:39:35","slug":"maijaliisa-hiekkanen-profiilia","status":"publish","type":"page","link":"https:\/\/www.maijaliisa-hiekkanen.fi\/?page_id=1270","title":{"rendered":"Maijaliisa Hiekkanen &#8211; Profiilia"},"content":{"rendered":"\n<p><strong><u>Yhteiskunnass<\/u><u>a<\/u><\/strong><\/p>\n\n\n\n<p>&#8211; Aatteellisesti, uskonnollisesti ja poliittisesti sitoutumaton.<\/p>\n\n\n\n<ul class=\"wp-block-list\">\n<li>Ei ole koskaan ollut, eik\u00e4 ole &#8211; mukana miss\u00e4\u00e4n puoluepolitiikassa.<\/li>\n\n\n\n<li>Vakaumuksellinen kristitty \u2013 ilman \u201dsuuntamerkkej\u00e4\u201d.<\/li>\n<\/ul>\n\n\n\n<p><strong>Teht\u00e4v\u00e4t ja ammatit<\/strong><\/p>\n\n\n\n<ul class=\"wp-block-list\">\n<li>Laulurunoilija, s\u00e4velt\u00e4j\u00e4, laulaja 1972 alkaen, ja edelleen.<\/li>\n\n\n\n<li>Kirjailija ja vapaa kirjoittaja 1980 alkaen, ja edelleen.<\/li>\n\n\n\n<li>Hoitaja 1986 (el\u00e4kkeell\u00e4)<\/li>\n\n\n\n<li>Musiikkiterapeutti 1991<\/li>\n<\/ul>\n\n\n\n<p><strong><u>L<\/u><u>uova tuotanto<\/u><\/strong><\/p>\n\n\n\n<p><strong>Kirjallisuus:<\/strong><\/p>\n\n\n\n<ul class=\"wp-block-list\">\n<li>Julkaistuja kirjoja 28, alkaen 1980<\/li>\n\n\n\n<li><a href=\"https:\/\/kansalliskirjasto.finna.fi\/AuthorityRecord\/melinda.(FI-ASTERI-N)000044021\">https:\/\/kansalliskirjasto.finna.fi\/AuthorityRecord\/melinda.(FI-ASTERI-N)000044021<\/a><\/li>\n\n\n\n<li><\/li>\n<\/ul>\n\n\n\n<p><strong>Musiikki:<\/strong><\/p>\n\n\n\n<ul class=\"wp-block-list\">\n<li>Laulumusiikkia 4 albumia, 1972-1981<\/li>\n\n\n\n<li><a href=\"https:\/\/www.elamanlaulu.com\/?page_id=123\">https:\/\/www.elamanlaulu.com\/?page_id=123<\/a><\/li>\n<\/ul>\n\n\n\n<ul class=\"wp-block-list\">\n<li>Musiikki-ja musiikkiterapiavideoita 150, YouTube<\/li>\n\n\n\n<li><a href=\"https:\/\/www.youtube.com\/@maijaliisahiekkanen5096\">https:\/\/www.youtube.com\/@maijaliisahiekkanen5096<\/a><\/li>\n<\/ul>\n\n\n\n<p><strong>Palvelut ja verkkol\u00e4sn\u00e4olo<\/strong><\/p>\n\n\n\n<ul class=\"wp-block-list\">\n<li><strong>El\u00e4m\u00e4n Laulu <\/strong>( musiikkipalvelusivusto) <a href=\"https:\/\/www.elamanlaulu.com\/\">https:\/\/www.elamanlaulu.com\/<\/a><\/li>\n\n\n\n<li><strong>Sananvapaus<\/strong>-sivusto <a href=\"https:\/\/www.maijaliisa-hiekkanen.fi\/\">https:\/\/www.maijaliisa-hiekkanen.fi\/<\/a><\/li>\n\n\n\n<li><strong>SuomiStory-2025 <\/strong>sivusto (Is\u00e4nmaasta) <a href=\"https:\/\/suomistory-2025.fi\/\">https:\/\/suomistory-2025.fi\/<\/a><\/li>\n<\/ul>\n\n\n\n<p><strong>P\u00e4ivitys \u2013 update 21.1.2026<\/strong><\/p>\n\n\n\n<p class=\"has-medium-font-size\"><strong><em><mark style=\"background-color:rgba(0, 0, 0, 0)\" class=\"has-inline-color has-blue-color\">Maijaliisa Hiekkanen<\/mark><\/em><\/strong><\/p>\n\n\n\n<p><strong>&#8211; sivuston pit\u00e4j\u00e4<\/strong><\/p>\n\n\n\n<p><strong>JK. Huomautusta:<\/strong><\/p>\n\n\n\n<p>Teko\u00e4ly on yhdist\u00e4nyt nimeeni ja toimintaani v\u00e4\u00e4ri\u00e4, v\u00e4\u00e4ristettyj\u00e4 ja per\u00e4tt\u00f6mi\u00e4 infoja.<\/p>\n\n\n\n<p><strong>T\u00e4m\u00e4 asianomistajan<\/strong> julkistama henkil\u00f6profiili on m\u00e4\u00e4r\u00e4\u00e4v\u00e4 info. Tekij\u00e4noikeusLaki 1 \u00a7 ja 3<\/p>\n\n\n\n<p><\/p>\n","protected":false},"excerpt":{"rendered":"<p>Yhteiskunnassa &#8211; Aatteellisesti, uskonnollisesti ja poliittisesti sitoutumaton. Teht\u00e4v\u00e4t ja ammatit Luova tuotanto Kirjallisuus: Musiikki: Palvelut ja verkkol\u00e4sn\u00e4olo P\u00e4ivitys \u2013 update 21.1.2026 Maijaliisa Hiekkanen &#8211; sivuston pit\u00e4j\u00e4 JK. Huomautusta: Teko\u00e4ly on yhdist\u00e4nyt nimeeni ja toimintaani v\u00e4\u00e4ri\u00e4, v\u00e4\u00e4ristettyj\u00e4 ja per\u00e4tt\u00f6mi\u00e4 infoja. T\u00e4m\u00e4 &hellip; <a href=\"https:\/\/www.maijaliisa-hiekkanen.fi\/?page_id=1270\">Lue loppuun <span class=\"meta-nav\">&rarr;<\/span><\/a><\/p>\n","protected":false},"author":1,"featured_media":0,"parent":0,"menu_order":0,"comment_status":"closed","ping_status":"closed","template":"","meta":{"footnotes":""},"class_list":["post-1270","page","type-page","status-publish","hentry"],"_links":{"self":[{"href":"https:\/\/www.maijaliisa-hiekkanen.fi\/index.php?rest_route=\/wp\/v2\/pages\/1270","targetHints":{"allow":["GET"]}}],"collection":[{"href":"https:\/\/www.maijaliisa-hiekkanen.fi\/index.php?rest_route=\/wp\/v2\/pages"}],"about":[{"href":"https:\/\/www.maijaliisa-hiekkanen.fi\/index.php?rest_route=\/wp\/v2\/types\/page"}],"author":[{"embeddable":true,"href":"https:\/\/www.maijaliisa-hiekkanen.fi\/index.php?rest_route=\/wp\/v2\/users\/1"}],"replies":[{"embeddable":true,"href":"https:\/\/www.maijaliisa-hiekkanen.fi\/index.php?rest_route=%2Fwp%2Fv2%2Fcomments&post=1270"}],"version-history":[{"count":1,"href":"https:\/\/www.maijaliisa-hiekkanen.fi\/index.php?rest_route=\/wp\/v2\/pages\/1270\/revisions"}],"predecessor-version":[{"id":1272,"href":"https:\/\/www.maijaliisa-hiekkanen.fi\/index.php?rest_route=\/wp\/v2\/pages\/1270\/revisions\/1272"}],"wp:attachment":[{"href":"https:\/\/www.maijaliisa-hiekkanen.fi\/index.php?rest_route=%2Fwp%2Fv2%2Fmedia&parent=1270"}],"curies":[{"name":"wp","href":"https:\/\/api.w.org\/{rel}","templated":true}]}}