{"id":642,"date":"2021-03-17T09:51:28","date_gmt":"2021-03-17T09:51:28","guid":{"rendered":"http:\/\/www.maijaliisa-hiekkanen.fi\/?page_id=642"},"modified":"2021-03-17T10:14:32","modified_gmt":"2021-03-17T10:14:32","slug":"642-2","status":"publish","type":"page","link":"https:\/\/www.maijaliisa-hiekkanen.fi\/?page_id=642","title":{"rendered":"Iloisia uutisia  &#8211; best wishes!"},"content":{"rendered":"\n<h1 class=\"wp-block-heading\"><\/h1>\n\n\n\n<p><\/p>\n\n\n\n<p class=\"has-text-align-center\"><strong>Mustassa y\u00f6ss\u00e4<\/strong><\/p>\n\n\n\n<p class=\"has-text-align-center\"><strong>mustalla kivell\u00e4<\/strong><\/p>\n\n\n\n<p class=\"has-text-align-center\"><strong>musta muurahainen<\/strong><\/p>\n\n\n\n<p class=\"has-text-align-center\"><strong>&#8211; Jumala sen n\u00e4kee!<\/strong><\/p>\n\n\n\n<p><\/p>\n\n\n\n<h2 class=\"wp-block-heading\"><span class=\"has-inline-color has-black-color\">Kun el\u00e4m\u00e4 ja maailma ymp\u00e4rill\u00e4 alkaa olla pelkki\u00e4 ik\u00e4vi\u00e4 uutisia?<\/span><\/h2>\n\n\n\n<p><span class=\"has-inline-color has-black-color\">Uhkakuvia, skenaarioita, uusia pelottavia infoja, rajoituksia, sulkuja?<\/span><\/p>\n\n\n\n<p><span class=\"has-inline-color has-black-color\">Mit\u00e4 siit\u00e4? Seuraukset alkavat aivan varmasti n\u00e4ky\u00e4.<\/span><\/p>\n\n\n\n<p><span class=\"has-inline-color has-black-color\">Ihmiset ahdistuvat, lamaantuvat, ote el\u00e4m\u00e4\u00e4n herpaantuu.<\/span><\/p>\n\n\n\n<p><span class=\"has-inline-color has-black-color\">Katseet ovat jumittuneet, kielteisyys vet\u00e4\u00e4 kuin avaruuden musta aukko!<\/span><\/p>\n\n\n\n<p><\/p>\n\n\n\n<p><\/p>\n\n\n\n<p class=\"has-text-align-center\"><strong>kun katsot kuilua<\/strong><\/p>\n\n\n\n<p class=\"has-text-align-center\"><strong>my\u00f6s kuilu katsoo sinuun<\/strong><\/p>\n\n\n\n<p class=\"has-text-align-center\"><span class=\"has-inline-color has-black-color\"><strong>pid\u00e4 varasi ettei kuilu ved\u00e4 sinua syvyyksiin!<\/strong><\/span><\/p>\n\n\n\n<p><\/p>\n\n\n\n<h2 class=\"wp-block-heading\">Mik\u00e4 neuvoksi?<\/h2>\n\n\n\n<p><span class=\"has-inline-color has-black-color\">Kun aurinko laskee l\u00e4ntisen taivaan rannalla,<\/span><\/p>\n\n\n\n<p><span class=\"has-inline-color has-black-color\">k\u00e4\u00e4nn\u00e4 katseesi it\u00e4\u00e4n! Sielt\u00e4 nousee uusi p\u00e4iv<\/span>\u00e4!<\/p>\n\n\n\n<p><span class=\"has-inline-color has-black-color\">Eilinen on mennyt   &#8211;  huomisesta emme tied\u00e4<\/span>!<\/p>\n\n\n\n<p>M<span class=\"has-inline-color has-black-color\">utta t\u00e4n\u00e4\u00e4n?  Onko toivoa? Auttaako kukaan, v\u00e4litt\u00e4\u00e4k\u00f6 kukaan?<\/span><\/p>\n\n\n\n<p>S<span class=\"has-inline-color has-black-color\">iit\u00e4 mustasta muurahaisesta, joka on mustalla kivell\u00e4, mustassa y\u00f6ss\u00e4`?<\/span><\/p>\n\n\n\n<p class=\"has-text-align-center\"><strong><span style=\"color:#a33600\" class=\"has-inline-color\">On apua tarjolla.<\/span><\/strong><\/p>\n\n\n\n<p class=\"has-text-align-center\"><strong><span style=\"color:#a30039\" class=\"has-inline-color\">On toivoa, iloa, lohdutusta!<\/span><\/strong><\/p>\n\n\n\n<p class=\"has-text-align-center\"><strong><span style=\"color:#a30039\" class=\"has-inline-color\">Jos se vain kenelle kelpaa?<\/span><\/strong><\/p>\n\n\n\n<p class=\"has-text-align-left\"><span class=\"has-inline-color has-black-color\">T\u00e4ss\u00e4 uudessa kirjoitussarjassa esill\u00e4 iloisia uutisia ja n\u00e4kymi\u00e4.<\/span><\/p>\n\n\n\n<p class=\"has-text-align-left\"><span class=\"has-inline-color has-black-color\">Onhan maailmassa ennenkin ollut vaikeaa, pime\u00e4\u00e4, masentavaa!<\/span><\/p>\n\n\n\n<p><\/p>\n\n\n\n<p><\/p>\n\n\n\n<h2 class=\"wp-block-heading\">Iloisia uutisia  &#8211; osa  1   (17.3.2021)<\/h2>\n\n\n\n<h1 class=\"wp-block-heading\"><a href=\"https:\/\/www.maijaliisa-hiekkanen.fi\/?p=647\">https:\/\/www.maijaliisa-hiekkanen.fi\/?p=647<\/a><\/h1>\n\n\n\n<figure class=\"wp-block-embed is-type-wp-embed is-provider-sananvapaus-maijaliisa-hiekkanen wp-block-embed-sananvapaus-maijaliisa-hiekkanen\"><div class=\"wp-block-embed__wrapper\">\n<blockquote class=\"wp-embedded-content\" data-secret=\"zujdmTPDUY\"><a href=\"https:\/\/www.maijaliisa-hiekkanen.fi\/?page_id=642\">Iloisia uutisia  &#8211; best wishes!<\/a><\/blockquote><iframe loading=\"lazy\" class=\"wp-embedded-content\" sandbox=\"allow-scripts\" security=\"restricted\" style=\"position: absolute; visibility: hidden;\" title=\"&#8221;Iloisia uutisia  &#8211; best wishes!&#8221; &#8212; Sananvapaus - Maijaliisa Hiekkanen\" src=\"https:\/\/www.maijaliisa-hiekkanen.fi\/?page_id=642&#038;embed=true#?secret=GshBxvYZAc#?secret=zujdmTPDUY\" data-secret=\"zujdmTPDUY\" width=\"600\" height=\"338\" frameborder=\"0\" marginwidth=\"0\" marginheight=\"0\" scrolling=\"no\"><\/iframe>\n<\/div><\/figure>\n","protected":false},"excerpt":{"rendered":"<p>Mustassa y\u00f6ss\u00e4 mustalla kivell\u00e4 musta muurahainen &#8211; Jumala sen n\u00e4kee! Kun el\u00e4m\u00e4 ja maailma ymp\u00e4rill\u00e4 alkaa olla pelkki\u00e4 ik\u00e4vi\u00e4 uutisia? Uhkakuvia, skenaarioita, uusia pelottavia infoja, rajoituksia, sulkuja? Mit\u00e4 siit\u00e4? Seuraukset alkavat aivan varmasti n\u00e4ky\u00e4. Ihmiset ahdistuvat, lamaantuvat, ote el\u00e4m\u00e4\u00e4n herpaantuu. &hellip; <a href=\"https:\/\/www.maijaliisa-hiekkanen.fi\/?page_id=642\">Lue loppuun <span class=\"meta-nav\">&rarr;<\/span><\/a><\/p>\n","protected":false},"author":1,"featured_media":0,"parent":0,"menu_order":0,"comment_status":"open","ping_status":"closed","template":"","meta":{"footnotes":""},"class_list":["post-642","page","type-page","status-publish","hentry"],"_links":{"self":[{"href":"https:\/\/www.maijaliisa-hiekkanen.fi\/index.php?rest_route=\/wp\/v2\/pages\/642","targetHints":{"allow":["GET"]}}],"collection":[{"href":"https:\/\/www.maijaliisa-hiekkanen.fi\/index.php?rest_route=\/wp\/v2\/pages"}],"about":[{"href":"https:\/\/www.maijaliisa-hiekkanen.fi\/index.php?rest_route=\/wp\/v2\/types\/page"}],"author":[{"embeddable":true,"href":"https:\/\/www.maijaliisa-hiekkanen.fi\/index.php?rest_route=\/wp\/v2\/users\/1"}],"replies":[{"embeddable":true,"href":"https:\/\/www.maijaliisa-hiekkanen.fi\/index.php?rest_route=%2Fwp%2Fv2%2Fcomments&post=642"}],"version-history":[{"count":4,"href":"https:\/\/www.maijaliisa-hiekkanen.fi\/index.php?rest_route=\/wp\/v2\/pages\/642\/revisions"}],"predecessor-version":[{"id":658,"href":"https:\/\/www.maijaliisa-hiekkanen.fi\/index.php?rest_route=\/wp\/v2\/pages\/642\/revisions\/658"}],"wp:attachment":[{"href":"https:\/\/www.maijaliisa-hiekkanen.fi\/index.php?rest_route=%2Fwp%2Fv2%2Fmedia&parent=642"}],"curies":[{"name":"wp","href":"https:\/\/api.w.org\/{rel}","templated":true}]}}